{"id":8787,"date":"2026-04-09T11:40:10","date_gmt":"2026-04-09T11:40:10","guid":{"rendered":"https:\/\/fensterreinigungprofi.de\/wordpress\/?page_id=8787"},"modified":"2026-04-09T11:42:43","modified_gmt":"2026-04-09T11:42:43","slug":"datenschutzerklarung","status":"publish","type":"page","link":"https:\/\/fensterreinigungprofi.de\/wordpress\/datenschutzerklarung\/","title":{"rendered":"Datenschutzerkl\u00e4rung"},"content":{"rendered":"\t\t<div data-elementor-type=\"wp-page\" data-elementor-id=\"8787\" class=\"elementor elementor-8787\" data-elementor-post-type=\"page\">\n\t\t\t\t<div class=\"elementor-element elementor-element-0cb59b0 e-flex e-con-boxed wpr-particle-no wpr-jarallax-no wpr-parallax-no wpr-sticky-section-no e-con e-parent\" data-id=\"0cb59b0\" data-element_type=\"container\" data-e-type=\"container\" data-settings=\"{&quot;background_background&quot;:&quot;classic&quot;}\">\n\t\t\t\t\t<div class=\"e-con-inner\">\n\t\t<div class=\"elementor-element elementor-element-2dcb071 e-con-full e-flex wpr-particle-no wpr-jarallax-no wpr-parallax-no wpr-sticky-section-no e-con e-child\" data-id=\"2dcb071\" data-element_type=\"container\" data-e-type=\"container\">\n\t\t\t\t<div class=\"elementor-element elementor-element-c76c9f4 elementor-widget elementor-widget-html\" data-id=\"c76c9f4\" data-element_type=\"widget\" data-e-type=\"widget\" data-widget_type=\"html.default\">\n\t\t\t\t<div class=\"elementor-widget-container\">\n\t\t\t\t\t<h1 class=\"hero-title\">\r\n  Die <br>\r\n  <span class=\"highlight\">\r\n    <span class=\"fancy-text\">Professionellste<\/span>\r\n  <\/span>\r\n  <br>\r\n  Fensterputzer Firma <br>\r\n  Bruckm\u00fchl\r\n<\/h1>\r\n<script>\r\nconst words = [\"Professionellste\", \"Zuverl\u00e4ssigste\", \"Gr\u00f6\u00dfte\"];\r\nlet index = 0;\r\nconst span = document.querySelector('.fancy-text');\r\n\r\nsetInterval(() => {\r\n    \/\/ Fade out\r\n    span.style.opacity = 0;\r\n    setTimeout(() => {\r\n        \/\/ Schimb\u0103 textul\r\n        index = (index + 1) % words.length;\r\n        span.textContent = words[index];\r\n        \/\/ Fade in\r\n        span.style.opacity = 1;\r\n    }, 500); \/\/ durata fade-out\r\n}, 3000); \/\/ c\u00e2t timp st\u0103 fiecare cuv\u00e2nt\r\n<\/script>\t\t\t\t<\/div>\n\t\t\t\t<\/div>\n\t\t\t\t<div class=\"elementor-element elementor-element-3b316dc elementor-icon-list--layout-inline elementor-align-start elementor-list-item-link-full_width elementor-widget elementor-widget-icon-list\" data-id=\"3b316dc\" data-element_type=\"widget\" data-e-type=\"widget\" data-widget_type=\"icon-list.default\">\n\t\t\t\t<div class=\"elementor-widget-container\">\n\t\t\t\t\t\t\t<ul class=\"elementor-icon-list-items elementor-inline-items\">\n\t\t\t\t\t\t\t<li class=\"elementor-icon-list-item elementor-inline-item\">\n\t\t\t\t\t\t\t\t\t\t\t<span class=\"elementor-icon-list-icon\">\n\t\t\t\t\t\t\t<svg aria-hidden=\"true\" class=\"e-font-icon-svg e-fas-check\" viewBox=\"0 0 512 512\" xmlns=\"http:\/\/www.w3.org\/2000\/svg\"><path d=\"M173.898 439.404l-166.4-166.4c-9.997-9.997-9.997-26.206 0-36.204l36.203-36.204c9.997-9.998 26.207-9.998 36.204 0L192 312.69 432.095 72.596c9.997-9.997 26.207-9.997 36.204 0l36.203 36.204c9.997 9.997 9.997 26.206 0 36.204l-294.4 294.401c-9.998 9.997-26.207 9.997-36.204-.001z\"><\/path><\/svg>\t\t\t\t\t\t<\/span>\n\t\t\t\t\t\t\t\t\t\t<span class=\"elementor-icon-list-text\">Gepr\u00fcfte Qualit\u00e4t<\/span>\n\t\t\t\t\t\t\t\t\t<\/li>\n\t\t\t\t\t\t\t\t<li class=\"elementor-icon-list-item elementor-inline-item\">\n\t\t\t\t\t\t\t\t\t\t\t<span class=\"elementor-icon-list-icon\">\n\t\t\t\t\t\t\t<svg aria-hidden=\"true\" class=\"e-font-icon-svg e-fas-check-circle\" viewBox=\"0 0 512 512\" xmlns=\"http:\/\/www.w3.org\/2000\/svg\"><path d=\"M504 256c0 136.967-111.033 248-248 248S8 392.967 8 256 119.033 8 256 8s248 111.033 248 248zM227.314 387.314l184-184c6.248-6.248 6.248-16.379 0-22.627l-22.627-22.627c-6.248-6.249-16.379-6.249-22.628 0L216 308.118l-70.059-70.059c-6.248-6.248-16.379-6.248-22.628 0l-22.627 22.627c-6.248 6.248-6.248 16.379 0 22.627l104 104c6.249 6.249 16.379 6.249 22.628.001z\"><\/path><\/svg>\t\t\t\t\t\t<\/span>\n\t\t\t\t\t\t\t\t\t\t<span class=\"elementor-icon-list-text\">Vertrauensw\u00fcrdig<\/span>\n\t\t\t\t\t\t\t\t\t<\/li>\n\t\t\t\t\t\t\t\t<li class=\"elementor-icon-list-item elementor-inline-item\">\n\t\t\t\t\t\t\t\t\t\t\t<span class=\"elementor-icon-list-icon\">\n\t\t\t\t\t\t\t<svg aria-hidden=\"true\" class=\"e-font-icon-svg e-fas-clock\" viewBox=\"0 0 512 512\" xmlns=\"http:\/\/www.w3.org\/2000\/svg\"><path d=\"M256,8C119,8,8,119,8,256S119,504,256,504,504,393,504,256,393,8,256,8Zm92.49,313h0l-20,25a16,16,0,0,1-22.49,2.5h0l-67-49.72a40,40,0,0,1-15-31.23V112a16,16,0,0,1,16-16h32a16,16,0,0,1,16,16V256l58,42.5A16,16,0,0,1,348.49,321Z\"><\/path><\/svg>\t\t\t\t\t\t<\/span>\n\t\t\t\t\t\t\t\t\t\t<span class=\"elementor-icon-list-text\">Zuverl\u00e4ssig<\/span>\n\t\t\t\t\t\t\t\t\t<\/li>\n\t\t\t\t\t\t\t\t<li class=\"elementor-icon-list-item elementor-inline-item\">\n\t\t\t\t\t\t\t\t\t\t\t<span class=\"elementor-icon-list-icon\">\n\t\t\t\t\t\t\t<svg aria-hidden=\"true\" class=\"e-font-icon-svg e-fas-euro-sign\" viewBox=\"0 0 320 512\" xmlns=\"http:\/\/www.w3.org\/2000\/svg\"><path d=\"M310.706 413.765c-1.314-6.63-7.835-10.872-14.424-9.369-10.692 2.439-27.422 5.413-45.426 5.413-56.763 0-101.929-34.79-121.461-85.449h113.689a12 12 0 0 0 11.708-9.369l6.373-28.36c1.686-7.502-4.019-14.631-11.708-14.631H115.22c-1.21-14.328-1.414-28.287.137-42.245H261.95a12 12 0 0 0 11.723-9.434l6.512-29.755c1.638-7.484-4.061-14.566-11.723-14.566H130.184c20.633-44.991 62.69-75.03 117.619-75.03 14.486 0 28.564 2.25 37.851 4.145 6.216 1.268 12.347-2.498 14.002-8.623l11.991-44.368c1.822-6.741-2.465-13.616-9.326-14.917C290.217 34.912 270.71 32 249.635 32 152.451 32 74.03 92.252 45.075 176H12c-6.627 0-12 5.373-12 12v29.755c0 6.627 5.373 12 12 12h21.569c-1.009 13.607-1.181 29.287-.181 42.245H12c-6.627 0-12 5.373-12 12v28.36c0 6.627 5.373 12 12 12h30.114C67.139 414.692 145.264 480 249.635 480c26.301 0 48.562-4.544 61.101-7.788 6.167-1.595 10.027-7.708 8.788-13.957l-8.818-44.49z\"><\/path><\/svg>\t\t\t\t\t\t<\/span>\n\t\t\t\t\t\t\t\t\t\t<span class=\"elementor-icon-list-text\">Faire Preise<\/span>\n\t\t\t\t\t\t\t\t\t<\/li>\n\t\t\t\t\t\t<\/ul>\n\t\t\t\t\t\t<\/div>\n\t\t\t\t<\/div>\n\t\t<div class=\"elementor-element elementor-element-1db70fd e-flex e-con-boxed wpr-particle-no wpr-jarallax-no wpr-parallax-no wpr-sticky-section-no e-con e-child\" data-id=\"1db70fd\" data-element_type=\"container\" data-e-type=\"container\">\n\t\t\t\t\t<div class=\"e-con-inner\">\n\t\t\t\t<div class=\"elementor-element elementor-element-b45919e elementor-icon-list--layout-inline elementor-align-start elementor-list-item-link-full_width elementor-widget elementor-widget-icon-list\" data-id=\"b45919e\" data-element_type=\"widget\" data-e-type=\"widget\" data-widget_type=\"icon-list.default\">\n\t\t\t\t<div class=\"elementor-widget-container\">\n\t\t\t\t\t\t\t<ul class=\"elementor-icon-list-items elementor-inline-items\">\n\t\t\t\t\t\t\t<li class=\"elementor-icon-list-item elementor-inline-item\">\n\t\t\t\t\t\t\t\t\t\t\t<a href=\"https:\/\/fensterreinigungprofi.de\/wordpress\/kontakt\/\">\n\n\t\t\t\t\t\t\t\t\t\t\t<span class=\"elementor-icon-list-text\">Jetzt Angebot einholen<\/span>\n\t\t\t\t\t\t\t\t\t\t\t<\/a>\n\t\t\t\t\t\t\t\t\t<\/li>\n\t\t\t\t\t\t<\/ul>\n\t\t\t\t\t\t<\/div>\n\t\t\t\t<\/div>\n\t\t\t\t\t<\/div>\n\t\t\t\t<\/div>\n\t\t<div class=\"elementor-element elementor-element-946a63f e-con-full e-flex wpr-particle-no wpr-jarallax-no wpr-parallax-no wpr-sticky-section-no e-con e-child\" data-id=\"946a63f\" data-element_type=\"container\" data-e-type=\"container\">\n\t\t\t\t<div class=\"elementor-element elementor-element-4043b6c elementor-widget elementor-widget-text-editor\" data-id=\"4043b6c\" data-element_type=\"widget\" data-e-type=\"widget\" data-widget_type=\"text-editor.default\">\n\t\t\t\t<div class=\"elementor-widget-container\">\n\t\t\t\t\t\t\t\t\t<p><span style=\"color: #ffffff;\">Wir melden uns innerhalb von 24 Stunden mit Ihrem pers\u00f6nlichen<\/span><br \/><span style=\"color: #ffffff;\">Termin- und Preisvorschlag.<\/span><\/p>\t\t\t\t\t\t\t\t<\/div>\n\t\t\t\t<\/div>\n\t\t\t\t<\/div>\n\t\t\t\t<\/div>\n\t\t\t\t\t<\/div>\n\t\t\t\t<\/div>\n\t\t<div class=\"elementor-element elementor-element-7b6120f e-flex e-con-boxed wpr-particle-no wpr-jarallax-no wpr-parallax-no wpr-sticky-section-no e-con e-parent\" data-id=\"7b6120f\" data-element_type=\"container\" data-e-type=\"container\" data-settings=\"{&quot;background_background&quot;:&quot;classic&quot;}\">\n\t\t\t\t\t<div class=\"e-con-inner\">\n\t\t\t\t<div class=\"elementor-element elementor-element-3e6cd6a elementor-widget elementor-widget-html\" data-id=\"3e6cd6a\" data-element_type=\"widget\" data-e-type=\"widget\" data-widget_type=\"html.default\">\n\t\t\t\t<div class=\"elementor-widget-container\">\n\t\t\t\t\t<h1 style=\"text-align: center;\"><span style=\"font-size: 18pt; color: #000000;\"><strong>Datenschutzerkl\u00e4rung<\/strong><\/span><\/h1>\r\n<p><span style=\"font-size: 14pt; color: #000000;\"><strong>Fensterreinigung Profi<\/strong><\/span><\/p>\r\n<p><span style=\"font-size: 14pt; color: #000000;\">Wir nehmen den Schutz Ihrer pers\u00f6nlichen Daten sehr ernst. In dieser Datenschutzerkl\u00e4rung informieren wir Sie dar\u00fcber, welche personenbezogenen Daten wir erheben, wie wir diese nutzen und welche Rechte Sie im Zusammenhang mit Ihren Daten haben.<\/span><\/p>\r\n\r\n<hr \/>\r\n\r\n<h2><span style=\"font-size: 14pt; color: #000000;\"><strong>1. Verantwortliche Stelle<\/strong><\/span><\/h2>\r\n<p>\r\n<span style=\"font-size: 14pt; color: #000000;\">Fensterreinigung Profi<\/span><br \/>\r\n<span style=\"font-size: 14pt; color: #000000;\">Telefon: +49.157.812.88859<\/span><br \/>\r\n<span style=\"font-size: 14pt; color: #000000;\">E-Mail: <a style=\"color: #000000;\" href=\"mailto:kontakt@fensterreinigungprofi.de\">kontakt@fensterreinigungprofi.de<\/a><\/span><br \/>\r\n<span style=\"font-size: 14pt; color: #000000;\">Website: <a style=\"color: #000000;\" href=\"https:\/\/fensterreinigungprofi.de\/wordpress\/\" target=\"_blank\">https:\/\/fensterreinigungprofi.de\/wordpress\/<\/a><\/span>\r\n<\/p>\r\n\r\n<hr \/>\r\n\r\n<h2><span style=\"font-size: 14pt; color: #000000;\"><strong>2. Erhebung und Speicherung personenbezogener Daten<\/strong><\/span><\/h2>\r\n<p><span style=\"font-size: 14pt; color: #000000;\">Wir verarbeiten personenbezogene Daten, die Sie uns aktiv mitteilen, sowie Daten, die automatisch beim Besuch unserer Website erfasst werden.<\/span><\/p>\r\n\r\n<h3><span style=\"font-size: 14pt; color: #000000;\"><strong>2.1 Daten, die Sie uns \u00fcbermitteln<\/strong><\/span><\/h3>\r\n<ul>\r\n<li><span style=\"font-size: 14pt; color: #000000;\">Name, Vorname<\/span><\/li>\r\n<li><span style=\"font-size: 14pt; color: #000000;\">Adresse<\/span><\/li>\r\n<li><span style=\"font-size: 14pt; color: #000000;\">Telefonnummer<\/span><\/li>\r\n<li><span style=\"font-size: 14pt; color: #000000;\">E-Mail-Adresse<\/span><\/li>\r\n<li><span style=\"font-size: 14pt; color: #000000;\">Informationen zu gew\u00fcnschten Dienstleistungen<\/span><\/li>\r\n<li><span style=\"font-size: 14pt; color: #000000;\">Inhalte aus Kontaktformularen oder E-Mails<\/span><\/li>\r\n<\/ul>\r\n\r\n<h3><span style=\"font-size: 14pt; color: #000000;\"><strong>2.2 Automatisch erfasste Daten<\/strong><\/span><\/h3>\r\n<p><span style=\"font-size: 14pt; color: #000000;\">Bei Nutzung unserer Website werden automatisch folgende Daten durch den Server oder Cookies erfasst:<\/span><\/p>\r\n\r\n<ul>\r\n<li><span style=\"font-size: 14pt; color: #000000;\">IP-Adresse (gek\u00fcrzt\/anonymisiert, sofern m\u00f6glich)<\/span><\/li>\r\n<li><span style=\"font-size: 14pt; color: #000000;\">Browsertyp und -version<\/span><\/li>\r\n<li><span style=\"font-size: 14pt; color: #000000;\">Betriebssystem<\/span><\/li>\r\n<li><span style=\"font-size: 14pt; color: #000000;\">Referrer-URL<\/span><\/li>\r\n<li><span style=\"font-size: 14pt; color: #000000;\">Datum und Uhrzeit des Zugriffs<\/span><\/li>\r\n<li><span style=\"font-size: 14pt; color: #000000;\">Besuchte Seiten<\/span><\/li>\r\n<\/ul>\r\n\r\n<p><span style=\"font-size: 14pt; color: #000000;\">Diese Daten werden aus technischen Gr\u00fcnden ben\u00f6tigt, um den sicheren Betrieb der Website zu gew\u00e4hrleisten.<\/span><\/p>\r\n\r\n<hr \/>\r\n\r\n<h2><span style=\"font-size: 14pt; color: #000000;\"><strong>3. Zwecke der Datenverarbeitung<\/strong><\/span><\/h2>\r\n<ul>\r\n<li><span style=\"font-size: 14pt; color: #000000;\">Beantwortung von Anfragen<\/span><\/li>\r\n<li><span style=\"font-size: 14pt; color: #000000;\">Erstellung und Durchf\u00fchrung von Angeboten und Vertr\u00e4gen<\/span><\/li>\r\n<li><span style=\"font-size: 14pt; color: #000000;\">Terminvereinbarung<\/span><\/li>\r\n<li><span style=\"font-size: 14pt; color: #000000;\">Rechnungsstellung<\/span><\/li>\r\n<li><span style=\"font-size: 14pt; color: #000000;\">Verbesserung der Website<\/span><\/li>\r\n<li><span style=\"font-size: 14pt; color: #000000;\">IT-Sicherheit<\/span><\/li>\r\n<\/ul>\r\n\r\n<hr \/>\r\n\r\n<h2><span style=\"font-size: 14pt; color: #000000;\"><strong>4. Rechtsgrundlagen gem\u00e4\u00df Art. 6 DSGVO<\/strong><\/span><\/h2>\r\n<ul>\r\n<li><span style=\"font-size: 14pt; color: #000000;\">Art. 6 Abs. 1 lit. b DSGVO \u2013 Vertragserf\u00fcllung<\/span><\/li>\r\n<li><span style=\"font-size: 14pt; color: #000000;\">Art. 6 Abs. 1 lit. a DSGVO \u2013 Einwilligung<\/span><\/li>\r\n<li><span style=\"font-size: 14pt; color: #000000;\">Art. 6 Abs. 1 lit. f DSGVO \u2013 Berechtigtes Interesse<\/span><\/li>\r\n<\/ul>\r\n\r\n<hr \/>\r\n\r\n<h2><span style=\"font-size: 14pt; color: #000000;\"><strong>5. Weitergabe der Daten<\/strong><\/span><\/h2>\r\n<p><span style=\"font-size: 14pt; color: #000000;\">Keine Daten werden an Dritte zu Werbezwecken verkauft.<\/span><\/p>\r\n\r\n<hr \/>\r\n\r\n<h2><span style=\"font-size: 14pt; color: #000000;\"><strong>6. Cookies<\/strong><\/span><\/h2>\r\n<p><span style=\"font-size: 14pt; color: #000000;\">Unsere Website verwendet Cookies.<\/span><\/p>\r\n\r\n<hr \/>\r\n\r\n<h2><span style=\"font-size: 14pt; color: #000000;\"><strong>10. Ihre Rechte<\/strong><\/span><\/h2>\r\n<p><span style=\"font-size: 14pt; color: #000000;\">Kontakt: <a href=\"mailto:kontakt@fensterreinigungprofi.de\">kontakt@fensterreinigungprofi.de<\/a><\/span><\/p>\t\t\t\t<\/div>\n\t\t\t\t<\/div>\n\t\t\t\t\t<\/div>\n\t\t\t\t<\/div>\n\t\t\t\t<\/div>\n\t\t","protected":false},"excerpt":{"rendered":"<p>Die Professionellste Fensterputzer Firma Bruckm\u00fchl Gepr\u00fcfte Qualit\u00e4t Vertrauensw\u00fcrdig Zuverl\u00e4ssig Faire Preise Jetzt Angebot einholen Wir melden uns innerhalb von 24 Stunden mit Ihrem pers\u00f6nlichenTermin- und Preisvorschlag. Datenschutzerkl\u00e4rung Fensterreinigung Profi Wir nehmen den Schutz Ihrer pers\u00f6nlichen Daten sehr ernst. In dieser Datenschutzerkl\u00e4rung informieren wir Sie dar\u00fcber, welche personenbezogenen Daten wir erheben, wie wir diese nutzen und welche Rechte Sie im Zusammenhang mit Ihren Daten haben. 1. Verantwortliche Stelle Fensterreinigung Profi Telefon: +49.157.812.88859 E-Mail: kontakt@fensterreinigungprofi.de Website: https:\/\/fensterreinigungprofi.de\/wordpress\/ 2. Erhebung und Speicherung personenbezogener Daten Wir verarbeiten personenbezogene Daten, die Sie uns aktiv mitteilen, sowie Daten, die automatisch beim Besuch unserer Website erfasst werden. 2.1 Daten, die Sie uns \u00fcbermitteln Name, Vorname Adresse Telefonnummer E-Mail-Adresse Informationen zu gew\u00fcnschten Dienstleistungen Inhalte aus Kontaktformularen oder E-Mails 2.2 Automatisch erfasste Daten Bei Nutzung unserer Website werden automatisch folgende Daten durch den Server oder Cookies erfasst: IP-Adresse (gek\u00fcrzt\/anonymisiert, sofern m\u00f6glich) Browsertyp und -version Betriebssystem Referrer-URL Datum und Uhrzeit des Zugriffs Besuchte Seiten Diese Daten werden aus technischen Gr\u00fcnden ben\u00f6tigt, um den sicheren Betrieb der Website zu gew\u00e4hrleisten. 3. Zwecke der Datenverarbeitung Beantwortung von Anfragen Erstellung und Durchf\u00fchrung von Angeboten und Vertr\u00e4gen Terminvereinbarung Rechnungsstellung Verbesserung der Website IT-Sicherheit 4. Rechtsgrundlagen gem\u00e4\u00df Art. 6 DSGVO Art. 6 Abs. 1 lit. b DSGVO \u2013 Vertragserf\u00fcllung Art. 6 Abs. 1 lit. a DSGVO \u2013 Einwilligung Art. 6 Abs. 1 lit. f DSGVO \u2013 Berechtigtes Interesse 5. Weitergabe der Daten Keine Daten werden an Dritte zu Werbezwecken verkauft. 6. Cookies Unsere Website verwendet Cookies. 10. Ihre Rechte Kontakt: kontakt@fensterreinigungprofi.de<\/p>\n","protected":false},"author":1,"featured_media":0,"parent":0,"menu_order":0,"comment_status":"closed","ping_status":"closed","template":"elementor_header_footer","meta":{"site-sidebar-layout":"no-sidebar","site-content-layout":"page-builder","ast-site-content-layout":"full-width-container","site-content-style":"default","site-sidebar-style":"default","ast-global-header-display":"","ast-banner-title-visibility":"","ast-main-header-display":"","ast-hfb-above-header-display":"","ast-hfb-below-header-display":"","ast-hfb-mobile-header-display":"","site-post-title":"","ast-breadcrumbs-content":"","ast-featured-img":"disabled","footer-sml-layout":"","ast-disable-related-posts":"","theme-transparent-header-meta":"default","adv-header-id-meta":"","stick-header-meta":"","header-above-stick-meta":"","header-main-stick-meta":"","header-below-stick-meta":"","astra-migrate-meta-layouts":"set","ast-page-background-enabled":"default","ast-page-background-meta":{"desktop":{"background-color":"","background-image":"","background-repeat":"repeat","background-position":"center center","background-size":"auto","background-attachment":"scroll","background-type":"","background-media":"","overlay-type":"","overlay-color":"","overlay-opacity":"","overlay-gradient":""},"tablet":{"background-color":"","background-image":"","background-repeat":"repeat","background-position":"center center","background-size":"auto","background-attachment":"scroll","background-type":"","background-media":"","overlay-type":"","overlay-color":"","overlay-opacity":"","overlay-gradient":""},"mobile":{"background-color":"","background-image":"","background-repeat":"repeat","background-position":"center center","background-size":"auto","background-attachment":"scroll","background-type":"","background-media":"","overlay-type":"","overlay-color":"","overlay-opacity":"","overlay-gradient":""}},"ast-content-background-meta":{"desktop":{"background-color":"var(--ast-global-color-5)","background-image":"","background-repeat":"repeat","background-position":"center center","background-size":"auto","background-attachment":"scroll","background-type":"","background-media":"","overlay-type":"","overlay-color":"","overlay-opacity":"","overlay-gradient":""},"tablet":{"background-color":"var(--ast-global-color-5)","background-image":"","background-repeat":"repeat","background-position":"center center","background-size":"auto","background-attachment":"scroll","background-type":"","background-media":"","overlay-type":"","overlay-color":"","overlay-opacity":"","overlay-gradient":""},"mobile":{"background-color":"var(--ast-global-color-5)","background-image":"","background-repeat":"repeat","background-position":"center center","background-size":"auto","background-attachment":"scroll","background-type":"","background-media":"","overlay-type":"","overlay-color":"","overlay-opacity":"","overlay-gradient":""}},"two_page_speed":[],"footnotes":""},"class_list":["post-8787","page","type-page","status-publish","hentry"],"_links":{"self":[{"href":"https:\/\/fensterreinigungprofi.de\/wordpress\/wp-json\/wp\/v2\/pages\/8787","targetHints":{"allow":["GET"]}}],"collection":[{"href":"https:\/\/fensterreinigungprofi.de\/wordpress\/wp-json\/wp\/v2\/pages"}],"about":[{"href":"https:\/\/fensterreinigungprofi.de\/wordpress\/wp-json\/wp\/v2\/types\/page"}],"author":[{"embeddable":true,"href":"https:\/\/fensterreinigungprofi.de\/wordpress\/wp-json\/wp\/v2\/users\/1"}],"replies":[{"embeddable":true,"href":"https:\/\/fensterreinigungprofi.de\/wordpress\/wp-json\/wp\/v2\/comments?post=8787"}],"version-history":[{"count":4,"href":"https:\/\/fensterreinigungprofi.de\/wordpress\/wp-json\/wp\/v2\/pages\/8787\/revisions"}],"predecessor-version":[{"id":8791,"href":"https:\/\/fensterreinigungprofi.de\/wordpress\/wp-json\/wp\/v2\/pages\/8787\/revisions\/8791"}],"wp:attachment":[{"href":"https:\/\/fensterreinigungprofi.de\/wordpress\/wp-json\/wp\/v2\/media?parent=8787"}],"curies":[{"name":"wp","href":"https:\/\/api.w.org\/{rel}","templated":true}]}}