{"id":8470,"date":"2026-04-08T13:04:04","date_gmt":"2026-04-08T13:04:04","guid":{"rendered":"https:\/\/fensterreinigungprofi.de\/wordpress\/?page_id=8470"},"modified":"2026-04-09T11:02:17","modified_gmt":"2026-04-09T11:02:17","slug":"blog","status":"publish","type":"page","link":"https:\/\/fensterreinigungprofi.de\/wordpress\/blog\/","title":{"rendered":"Blog"},"content":{"rendered":"\t\t<div data-elementor-type=\"wp-page\" data-elementor-id=\"8470\" class=\"elementor elementor-8470\" data-elementor-post-type=\"page\">\n\t\t\t\t<div class=\"elementor-element elementor-element-7c84820 e-flex e-con-boxed wpr-particle-no wpr-jarallax-no wpr-parallax-no wpr-sticky-section-no e-con e-parent\" data-id=\"7c84820\" data-element_type=\"container\" data-e-type=\"container\" data-settings=\"{&quot;background_background&quot;:&quot;classic&quot;}\">\n\t\t\t\t\t<div class=\"e-con-inner\">\n\t\t<div class=\"elementor-element elementor-element-429d3c1 e-con-full e-flex wpr-particle-no wpr-jarallax-no wpr-parallax-no wpr-sticky-section-no e-con e-child\" data-id=\"429d3c1\" data-element_type=\"container\" data-e-type=\"container\">\n\t\t\t\t<div class=\"elementor-element elementor-element-6862ebb elementor-widget elementor-widget-html\" data-id=\"6862ebb\" data-element_type=\"widget\" data-e-type=\"widget\" data-widget_type=\"html.default\">\n\t\t\t\t<div class=\"elementor-widget-container\">\n\t\t\t\t\t<h1 class=\"hero-title\">\r\n  Die <br>\r\n  <span class=\"highlight\">\r\n    <span class=\"fancy-text\">Professionellste<\/span>\r\n  <\/span>\r\n  <br>\r\n  Fensterputzer Firma <br>\r\n  Bruckm\u00fchl\r\n<\/h1>\r\n<script>\r\nconst words = [\"Professionellste\", \"Zuverl\u00e4ssigste\", \"Gr\u00f6\u00dfte\"];\r\nlet index = 0;\r\nconst span = document.querySelector('.fancy-text');\r\n\r\nsetInterval(() => {\r\n    \/\/ Fade out\r\n    span.style.opacity = 0;\r\n    setTimeout(() => {\r\n        \/\/ Schimb\u0103 textul\r\n        index = (index + 1) % words.length;\r\n        span.textContent = words[index];\r\n        \/\/ Fade in\r\n        span.style.opacity = 1;\r\n    }, 500); \/\/ durata fade-out\r\n}, 3000); \/\/ c\u00e2t timp st\u0103 fiecare cuv\u00e2nt\r\n<\/script>\t\t\t\t<\/div>\n\t\t\t\t<\/div>\n\t\t\t\t<div class=\"elementor-element elementor-element-e780ac7 elementor-icon-list--layout-inline elementor-align-start elementor-list-item-link-full_width elementor-widget elementor-widget-icon-list\" data-id=\"e780ac7\" data-element_type=\"widget\" data-e-type=\"widget\" data-widget_type=\"icon-list.default\">\n\t\t\t\t<div class=\"elementor-widget-container\">\n\t\t\t\t\t\t\t<ul class=\"elementor-icon-list-items elementor-inline-items\">\n\t\t\t\t\t\t\t<li class=\"elementor-icon-list-item elementor-inline-item\">\n\t\t\t\t\t\t\t\t\t\t\t<span class=\"elementor-icon-list-icon\">\n\t\t\t\t\t\t\t<svg aria-hidden=\"true\" class=\"e-font-icon-svg e-fas-check\" viewBox=\"0 0 512 512\" xmlns=\"http:\/\/www.w3.org\/2000\/svg\"><path d=\"M173.898 439.404l-166.4-166.4c-9.997-9.997-9.997-26.206 0-36.204l36.203-36.204c9.997-9.998 26.207-9.998 36.204 0L192 312.69 432.095 72.596c9.997-9.997 26.207-9.997 36.204 0l36.203 36.204c9.997 9.997 9.997 26.206 0 36.204l-294.4 294.401c-9.998 9.997-26.207 9.997-36.204-.001z\"><\/path><\/svg>\t\t\t\t\t\t<\/span>\n\t\t\t\t\t\t\t\t\t\t<span class=\"elementor-icon-list-text\">Gepr\u00fcfte Qualit\u00e4t<\/span>\n\t\t\t\t\t\t\t\t\t<\/li>\n\t\t\t\t\t\t\t\t<li class=\"elementor-icon-list-item elementor-inline-item\">\n\t\t\t\t\t\t\t\t\t\t\t<span class=\"elementor-icon-list-icon\">\n\t\t\t\t\t\t\t<svg aria-hidden=\"true\" class=\"e-font-icon-svg e-fas-check-circle\" viewBox=\"0 0 512 512\" xmlns=\"http:\/\/www.w3.org\/2000\/svg\"><path d=\"M504 256c0 136.967-111.033 248-248 248S8 392.967 8 256 119.033 8 256 8s248 111.033 248 248zM227.314 387.314l184-184c6.248-6.248 6.248-16.379 0-22.627l-22.627-22.627c-6.248-6.249-16.379-6.249-22.628 0L216 308.118l-70.059-70.059c-6.248-6.248-16.379-6.248-22.628 0l-22.627 22.627c-6.248 6.248-6.248 16.379 0 22.627l104 104c6.249 6.249 16.379 6.249 22.628.001z\"><\/path><\/svg>\t\t\t\t\t\t<\/span>\n\t\t\t\t\t\t\t\t\t\t<span class=\"elementor-icon-list-text\">Vertrauensw\u00fcrdig<\/span>\n\t\t\t\t\t\t\t\t\t<\/li>\n\t\t\t\t\t\t\t\t<li class=\"elementor-icon-list-item elementor-inline-item\">\n\t\t\t\t\t\t\t\t\t\t\t<span class=\"elementor-icon-list-icon\">\n\t\t\t\t\t\t\t<svg aria-hidden=\"true\" class=\"e-font-icon-svg e-fas-clock\" viewBox=\"0 0 512 512\" xmlns=\"http:\/\/www.w3.org\/2000\/svg\"><path d=\"M256,8C119,8,8,119,8,256S119,504,256,504,504,393,504,256,393,8,256,8Zm92.49,313h0l-20,25a16,16,0,0,1-22.49,2.5h0l-67-49.72a40,40,0,0,1-15-31.23V112a16,16,0,0,1,16-16h32a16,16,0,0,1,16,16V256l58,42.5A16,16,0,0,1,348.49,321Z\"><\/path><\/svg>\t\t\t\t\t\t<\/span>\n\t\t\t\t\t\t\t\t\t\t<span class=\"elementor-icon-list-text\">Zuverl\u00e4ssig<\/span>\n\t\t\t\t\t\t\t\t\t<\/li>\n\t\t\t\t\t\t\t\t<li class=\"elementor-icon-list-item elementor-inline-item\">\n\t\t\t\t\t\t\t\t\t\t\t<span class=\"elementor-icon-list-icon\">\n\t\t\t\t\t\t\t<svg aria-hidden=\"true\" class=\"e-font-icon-svg e-fas-euro-sign\" viewBox=\"0 0 320 512\" xmlns=\"http:\/\/www.w3.org\/2000\/svg\"><path d=\"M310.706 413.765c-1.314-6.63-7.835-10.872-14.424-9.369-10.692 2.439-27.422 5.413-45.426 5.413-56.763 0-101.929-34.79-121.461-85.449h113.689a12 12 0 0 0 11.708-9.369l6.373-28.36c1.686-7.502-4.019-14.631-11.708-14.631H115.22c-1.21-14.328-1.414-28.287.137-42.245H261.95a12 12 0 0 0 11.723-9.434l6.512-29.755c1.638-7.484-4.061-14.566-11.723-14.566H130.184c20.633-44.991 62.69-75.03 117.619-75.03 14.486 0 28.564 2.25 37.851 4.145 6.216 1.268 12.347-2.498 14.002-8.623l11.991-44.368c1.822-6.741-2.465-13.616-9.326-14.917C290.217 34.912 270.71 32 249.635 32 152.451 32 74.03 92.252 45.075 176H12c-6.627 0-12 5.373-12 12v29.755c0 6.627 5.373 12 12 12h21.569c-1.009 13.607-1.181 29.287-.181 42.245H12c-6.627 0-12 5.373-12 12v28.36c0 6.627 5.373 12 12 12h30.114C67.139 414.692 145.264 480 249.635 480c26.301 0 48.562-4.544 61.101-7.788 6.167-1.595 10.027-7.708 8.788-13.957l-8.818-44.49z\"><\/path><\/svg>\t\t\t\t\t\t<\/span>\n\t\t\t\t\t\t\t\t\t\t<span class=\"elementor-icon-list-text\">Faire Preise<\/span>\n\t\t\t\t\t\t\t\t\t<\/li>\n\t\t\t\t\t\t<\/ul>\n\t\t\t\t\t\t<\/div>\n\t\t\t\t<\/div>\n\t\t<div class=\"elementor-element elementor-element-6005bdc e-flex e-con-boxed wpr-particle-no wpr-jarallax-no wpr-parallax-no wpr-sticky-section-no e-con e-child\" data-id=\"6005bdc\" data-element_type=\"container\" data-e-type=\"container\">\n\t\t\t\t\t<div class=\"e-con-inner\">\n\t\t\t\t<div class=\"elementor-element elementor-element-2ffc4e9 elementor-icon-list--layout-inline elementor-align-start elementor-list-item-link-full_width elementor-widget elementor-widget-icon-list\" data-id=\"2ffc4e9\" data-element_type=\"widget\" data-e-type=\"widget\" data-widget_type=\"icon-list.default\">\n\t\t\t\t<div class=\"elementor-widget-container\">\n\t\t\t\t\t\t\t<ul class=\"elementor-icon-list-items elementor-inline-items\">\n\t\t\t\t\t\t\t<li class=\"elementor-icon-list-item elementor-inline-item\">\n\t\t\t\t\t\t\t\t\t\t\t<a href=\"https:\/\/fensterreinigungprofi.de\/wordpress\/kontakt\/\">\n\n\t\t\t\t\t\t\t\t\t\t\t<span class=\"elementor-icon-list-text\">Jetzt Angebot einholen<\/span>\n\t\t\t\t\t\t\t\t\t\t\t<\/a>\n\t\t\t\t\t\t\t\t\t<\/li>\n\t\t\t\t\t\t<\/ul>\n\t\t\t\t\t\t<\/div>\n\t\t\t\t<\/div>\n\t\t\t\t\t<\/div>\n\t\t\t\t<\/div>\n\t\t<div class=\"elementor-element elementor-element-6140e51 e-con-full e-flex wpr-particle-no wpr-jarallax-no wpr-parallax-no wpr-sticky-section-no e-con e-child\" data-id=\"6140e51\" data-element_type=\"container\" data-e-type=\"container\">\n\t\t\t\t<div class=\"elementor-element elementor-element-090f4bd elementor-widget elementor-widget-text-editor\" data-id=\"090f4bd\" data-element_type=\"widget\" data-e-type=\"widget\" data-widget_type=\"text-editor.default\">\n\t\t\t\t<div class=\"elementor-widget-container\">\n\t\t\t\t\t\t\t\t\t<p><span style=\"color: #ffffff;\">Wir melden uns innerhalb von 24 Stunden mit Ihrem pers\u00f6nlichen<\/span><br \/><span style=\"color: #ffffff;\">Termin- und Preisvorschlag.<\/span><\/p>\t\t\t\t\t\t\t\t<\/div>\n\t\t\t\t<\/div>\n\t\t\t\t<\/div>\n\t\t\t\t<\/div>\n\t\t\t\t\t<\/div>\n\t\t\t\t<\/div>\n\t\t<div class=\"elementor-element elementor-element-a3061cf e-flex e-con-boxed wpr-particle-no wpr-jarallax-no wpr-parallax-no wpr-sticky-section-no e-con e-parent\" data-id=\"a3061cf\" data-element_type=\"container\" data-e-type=\"container\">\n\t\t\t\t\t<div class=\"e-con-inner\">\n\t\t\t\t<div class=\"elementor-element elementor-element-df967e1 elementor-widget elementor-widget-heading\" data-id=\"df967e1\" data-element_type=\"widget\" data-e-type=\"widget\" data-widget_type=\"heading.default\">\n\t\t\t\t<div class=\"elementor-widget-container\">\n\t\t\t\t\t<h2 class=\"elementor-heading-title elementor-size-default\">BLOG<\/h2>\t\t\t\t<\/div>\n\t\t\t\t<\/div>\n\t\t\t\t\t<\/div>\n\t\t\t\t<\/div>\n\t\t<div class=\"elementor-element elementor-element-5800a8c e-flex e-con-boxed wpr-particle-no wpr-jarallax-no wpr-parallax-no wpr-sticky-section-no e-con e-parent\" data-id=\"5800a8c\" data-element_type=\"container\" data-e-type=\"container\">\n\t\t\t\t\t<div class=\"e-con-inner\">\n\t\t\t\t<div class=\"elementor-element elementor-element-04d850f elementor-grid-eael-col-3 elementor-grid-tablet-eael-col-2 elementor-grid-mobile-eael-col-1 elementor-widget elementor-widget-eael-post-grid\" data-id=\"04d850f\" data-element_type=\"widget\" data-e-type=\"widget\" data-settings=\"{&quot;eael_post_grid_columns&quot;:&quot;eael-col-3&quot;,&quot;eael_post_grid_columns_tablet&quot;:&quot;eael-col-2&quot;,&quot;eael_post_grid_columns_mobile&quot;:&quot;eael-col-1&quot;}\" data-widget_type=\"eael-post-grid.default\">\n\t\t\t\t<div class=\"elementor-widget-container\">\n\t\t\t\t\t<div id=\"eael-post-grid-04d850f\" class=\"eael-post-grid-container\">\n            <div class=\"eael-post-grid eael-post-appender eael-post-appender-04d850f eael-post-grid-style-two\" data-layout-mode=\"masonry\"><article class=\"eael-grid-post  eael-post-grid-column eael-pg-post-8972 category-blog tags-entrepreneurship-firmengrundung-geschaftsinnovation-geschaftsmodelle-organisationsmanagement-unternehmensfinanzen-unternehmensfuhrung-unternehmensstrategie-unternehmenswachstum-wirtschaftsentwicklung\" data-id=\"8972\">\n    <div class=\"eael-grid-post-holder\">\n        <div class=\"eael-grid-post-holder-inner\"><div class=\"eael-entry-media\"><div class=\"eael-entry-overlay fade-in\"><i class=\"fas fa-long-arrow-alt-right\" aria-hidden=\"true\"><\/i><a href=\"https:\/\/fensterreinigungprofi.de\/wordpress\/blog\/business-4\/\"><\/a><\/div><div class=\"eael-entry-thumbnail \">\n                            <img fetchpriority=\"high\" decoding=\"async\" width=\"300\" height=\"171\" src=\"https:\/\/fensterreinigungprofi.de\/wordpress\/wp-content\/uploads\/2026\/04\/29-300x171.png\" class=\"attachment-medium size-medium wp-image-8973\" alt=\"29\" srcset=\"https:\/\/fensterreinigungprofi.de\/wordpress\/wp-content\/uploads\/2026\/04\/29-300x171.png 300w, https:\/\/fensterreinigungprofi.de\/wordpress\/wp-content\/uploads\/2026\/04\/29-1024x585.png 1024w, https:\/\/fensterreinigungprofi.de\/wordpress\/wp-content\/uploads\/2026\/04\/29-768x439.png 768w, https:\/\/fensterreinigungprofi.de\/wordpress\/wp-content\/uploads\/2026\/04\/29-600x343.png 600w, https:\/\/fensterreinigungprofi.de\/wordpress\/wp-content\/uploads\/2026\/04\/29.png 1344w\" sizes=\"(max-width: 300px) 100vw, 300px\" \/>\n                            <\/div>\n                    <\/div><div class=\"eael-entry-wrapper\"><header class=\"eael-entry-header\"><h2 class=\"eael-entry-title\"><a class=\"eael-grid-post-link\" href=\"https:\/\/fensterreinigungprofi.de\/wordpress\/blog\/business-4\/\" title=\"Business\">Business<\/a><\/h2><\/header><div class=\"eael-entry-content\">\n                                <div class=\"eael-grid-post-excerpt\"><p>Erfahren Sie alles \u00fcber 29 Begriffe der Fensterreinigung bei Fensterreinigungprofi.de....<\/p><a href=\"https:\/\/fensterreinigungprofi.de\/wordpress\/blog\/business-4\/\" class=\"eael-post-elements-readmore-btn\">Read More<\/a><\/div>\n                            <\/div><div class=\"eael-entry-header-after style-two\"><div class=\"eael-entry-meta\"><span class=\"eael-meta-posted-on\"><i class=\"far fa-clock\"><\/i><time datetime=\"April 9, 2026\">April 9, 2026<\/time><\/span><\/div><\/div><\/div><\/div>\n    <\/div>\n<\/article><article class=\"eael-grid-post  eael-post-grid-column eael-pg-post-8967 category-blog tags-fenster-putzen-glasflachen-saubern-glasreinigungsanleitung-glasreinigungstipps-professionelle-glasreinigung-saubere-fenster\" data-id=\"8967\">\n    <div class=\"eael-grid-post-holder\">\n        <div class=\"eael-grid-post-holder-inner\"><div class=\"eael-entry-media\"><div class=\"eael-entry-overlay fade-in\"><i class=\"fas fa-long-arrow-alt-right\" aria-hidden=\"true\"><\/i><a href=\"https:\/\/fensterreinigungprofi.de\/wordpress\/blog\/glasreinigung-16\/\"><\/a><\/div><div class=\"eael-entry-thumbnail \">\n                            <img decoding=\"async\" width=\"300\" height=\"171\" src=\"https:\/\/fensterreinigungprofi.de\/wordpress\/wp-content\/uploads\/2026\/04\/35-300x171.png\" class=\"attachment-medium size-medium wp-image-8968\" alt=\"35\" srcset=\"https:\/\/fensterreinigungprofi.de\/wordpress\/wp-content\/uploads\/2026\/04\/35-300x171.png 300w, https:\/\/fensterreinigungprofi.de\/wordpress\/wp-content\/uploads\/2026\/04\/35-1024x585.png 1024w, https:\/\/fensterreinigungprofi.de\/wordpress\/wp-content\/uploads\/2026\/04\/35-768x439.png 768w, https:\/\/fensterreinigungprofi.de\/wordpress\/wp-content\/uploads\/2026\/04\/35-600x343.png 600w, https:\/\/fensterreinigungprofi.de\/wordpress\/wp-content\/uploads\/2026\/04\/35.png 1344w\" sizes=\"(max-width: 300px) 100vw, 300px\" \/>\n                            <\/div>\n                    <\/div><div class=\"eael-entry-wrapper\"><header class=\"eael-entry-header\"><h2 class=\"eael-entry-title\"><a class=\"eael-grid-post-link\" href=\"https:\/\/fensterreinigungprofi.de\/wordpress\/blog\/glasreinigung-16\/\" title=\"Glasreinigung\">Glasreinigung<\/a><\/h2><\/header><div class=\"eael-entry-content\">\n                                <div class=\"eael-grid-post-excerpt\"><p>Unsere Experten von Fensterreinigungprofi.de zeigen Ihnen in 35 Schritten, wie...<\/p><a href=\"https:\/\/fensterreinigungprofi.de\/wordpress\/blog\/glasreinigung-16\/\" class=\"eael-post-elements-readmore-btn\">Read More<\/a><\/div>\n                            <\/div><div class=\"eael-entry-header-after style-two\"><div class=\"eael-entry-meta\"><span class=\"eael-meta-posted-on\"><i class=\"far fa-clock\"><\/i><time datetime=\"April 9, 2026\">April 9, 2026<\/time><\/span><\/div><\/div><\/div><\/div>\n    <\/div>\n<\/article><article class=\"eael-grid-post  eael-post-grid-column eael-pg-post-8962 category-blog tags-fachmannische-reinigung-fensterputzen-glasfassaden-glasflachen-glasoberflachen-professionelle-glasreinigung-reinigungsmittel-sichtreinigung\" data-id=\"8962\">\n    <div class=\"eael-grid-post-holder\">\n        <div class=\"eael-grid-post-holder-inner\"><div class=\"eael-entry-media\"><div class=\"eael-entry-overlay fade-in\"><i class=\"fas fa-long-arrow-alt-right\" aria-hidden=\"true\"><\/i><a href=\"https:\/\/fensterreinigungprofi.de\/wordpress\/blog\/glasreinigung-15\/\"><\/a><\/div><div class=\"eael-entry-thumbnail \">\n                            <img decoding=\"async\" width=\"300\" height=\"171\" src=\"https:\/\/fensterreinigungprofi.de\/wordpress\/wp-content\/uploads\/2026\/04\/34-300x171.png\" class=\"attachment-medium size-medium wp-image-8963\" alt=\"34\" srcset=\"https:\/\/fensterreinigungprofi.de\/wordpress\/wp-content\/uploads\/2026\/04\/34-300x171.png 300w, https:\/\/fensterreinigungprofi.de\/wordpress\/wp-content\/uploads\/2026\/04\/34-1024x585.png 1024w, https:\/\/fensterreinigungprofi.de\/wordpress\/wp-content\/uploads\/2026\/04\/34-768x439.png 768w, https:\/\/fensterreinigungprofi.de\/wordpress\/wp-content\/uploads\/2026\/04\/34-600x343.png 600w, https:\/\/fensterreinigungprofi.de\/wordpress\/wp-content\/uploads\/2026\/04\/34.png 1344w\" sizes=\"(max-width: 300px) 100vw, 300px\" \/>\n                            <\/div>\n                    <\/div><div class=\"eael-entry-wrapper\"><header class=\"eael-entry-header\"><h2 class=\"eael-entry-title\"><a class=\"eael-grid-post-link\" href=\"https:\/\/fensterreinigungprofi.de\/wordpress\/blog\/glasreinigung-15\/\" title=\"Glasreinigung\">Glasreinigung<\/a><\/h2><\/header><div class=\"eael-entry-content\">\n                                <div class=\"eael-grid-post-excerpt\"><p>Glasreinigung leicht gemacht: Unser Ultimate Guide zeigt 34 Experten-Tipps f\u00fcr...<\/p><a href=\"https:\/\/fensterreinigungprofi.de\/wordpress\/blog\/glasreinigung-15\/\" class=\"eael-post-elements-readmore-btn\">Read More<\/a><\/div>\n                            <\/div><div class=\"eael-entry-header-after style-two\"><div class=\"eael-entry-meta\"><span class=\"eael-meta-posted-on\"><i class=\"far fa-clock\"><\/i><time datetime=\"April 9, 2026\">April 9, 2026<\/time><\/span><\/div><\/div><\/div><\/div>\n    <\/div>\n<\/article><article class=\"eael-grid-post  eael-post-grid-column eael-pg-post-8957 category-blog tags-erfolgsstrategien-firmengrundung-geschaftsinnovation-geschaftsstrategie-unternehmensentwicklung-unternehmensfinanzen-unternehmensfuhrung-unternehmenswachstum-wirtschaftslage-wirtschaftsnachrichten\" data-id=\"8957\">\n    <div class=\"eael-grid-post-holder\">\n        <div class=\"eael-grid-post-holder-inner\"><div class=\"eael-entry-media\"><div class=\"eael-entry-overlay fade-in\"><i class=\"fas fa-long-arrow-alt-right\" aria-hidden=\"true\"><\/i><a href=\"https:\/\/fensterreinigungprofi.de\/wordpress\/blog\/business-3\/\"><\/a><\/div><div class=\"eael-entry-thumbnail \">\n                            <img loading=\"lazy\" decoding=\"async\" width=\"300\" height=\"171\" src=\"https:\/\/fensterreinigungprofi.de\/wordpress\/wp-content\/uploads\/2026\/04\/28-300x171.png\" class=\"attachment-medium size-medium wp-image-8958\" alt=\"28\" srcset=\"https:\/\/fensterreinigungprofi.de\/wordpress\/wp-content\/uploads\/2026\/04\/28-300x171.png 300w, https:\/\/fensterreinigungprofi.de\/wordpress\/wp-content\/uploads\/2026\/04\/28-1024x585.png 1024w, https:\/\/fensterreinigungprofi.de\/wordpress\/wp-content\/uploads\/2026\/04\/28-768x439.png 768w, https:\/\/fensterreinigungprofi.de\/wordpress\/wp-content\/uploads\/2026\/04\/28-600x343.png 600w, https:\/\/fensterreinigungprofi.de\/wordpress\/wp-content\/uploads\/2026\/04\/28.png 1344w\" sizes=\"(max-width: 300px) 100vw, 300px\" \/>\n                            <\/div>\n                    <\/div><div class=\"eael-entry-wrapper\"><header class=\"eael-entry-header\"><h2 class=\"eael-entry-title\"><a class=\"eael-grid-post-link\" href=\"https:\/\/fensterreinigungprofi.de\/wordpress\/blog\/business-3\/\" title=\"Business\">Business<\/a><\/h2><\/header><div class=\"eael-entry-content\">\n                                <div class=\"eael-grid-post-excerpt\"><p>Seit 28 Jahren steht Fensterreinigungprofi.de f\u00fcr Qualit\u00e4t. Wir reinigen Ihre...<\/p><a href=\"https:\/\/fensterreinigungprofi.de\/wordpress\/blog\/business-3\/\" class=\"eael-post-elements-readmore-btn\">Read More<\/a><\/div>\n                            <\/div><div class=\"eael-entry-header-after style-two\"><div class=\"eael-entry-meta\"><span class=\"eael-meta-posted-on\"><i class=\"far fa-clock\"><\/i><time datetime=\"April 9, 2026\">April 9, 2026<\/time><\/span><\/div><\/div><\/div><\/div>\n    <\/div>\n<\/article><\/div>\n            <div class=\"clearfix\"><\/div>\n        <\/div>            <div class=\"eael-load-more-button-wrap\">\n                <button class=\"eael-load-more-button\" id=\"eael-load-more-btn-04d850f\" data-widget-id=\"04d850f\" data-widget=\"04d850f\" data-page-id=\"8470\" data-template=\"{&quot;dir&quot;:&quot;lite&quot;,&quot;file_name&quot;:&quot;two.php&quot;,&quot;name&quot;:&quot;Post-Grid&quot;}\" data-class=\"Essential_Addons_Elementor\\Elements\\Post_Grid\" data-layout=\"masonry\" data-page=\"1\" data-args=\"orderby=date&amp;order=desc&amp;ignore_sticky_posts=1&amp;post_status=publish&amp;posts_per_page=4&amp;offset=0&amp;post_type=post&amp;tax_query%5B0%5D%5Btaxonomy%5D=category&amp;tax_query%5B0%5D%5Bfield%5D=term_id&amp;tax_query%5B0%5D%5Bterms%5D%5B0%5D=340&amp;tax_query%5Brelation%5D=AND\" data-max-page=\"15\">\n                    <span class=\"eael-btn-loader button__loader\"><\/span>\n                    <span class=\"eael_load_more_text\">Load More<\/span>\n                <\/button>\n            <\/div>\n            \t\t\t\t<\/div>\n\t\t\t\t<\/div>\n\t\t\t\t\t<\/div>\n\t\t\t\t<\/div>\n\t\t\t\t<\/div>\n\t\t","protected":false},"excerpt":{"rendered":"<p>Die Professionellste Fensterputzer Firma Bruckm\u00fchl Gepr\u00fcfte Qualit\u00e4t Vertrauensw\u00fcrdig Zuverl\u00e4ssig Faire Preise Jetzt Angebot einholen Wir melden uns innerhalb von 24 Stunden mit Ihrem pers\u00f6nlichenTermin- und Preisvorschlag. BLOG Fensterreinigung B\u00fcro: Tipps f\u00fcr Klare Sicht Haben Sie sich jemals gefragt, welchen unbewussten Einfluss saubere Glasfl\u00e4chen&#8230; Read More April 9, 2026<\/p>\n","protected":false},"author":1,"featured_media":0,"parent":0,"menu_order":0,"comment_status":"closed","ping_status":"closed","template":"elementor_header_footer","meta":{"site-sidebar-layout":"no-sidebar","site-content-layout":"page-builder","ast-site-content-layout":"full-width-container","site-content-style":"default","site-sidebar-style":"default","ast-global-header-display":"","ast-banner-title-visibility":"","ast-main-header-display":"","ast-hfb-above-header-display":"","ast-hfb-below-header-display":"","ast-hfb-mobile-header-display":"","site-post-title":"","ast-breadcrumbs-content":"","ast-featured-img":"disabled","footer-sml-layout":"","ast-disable-related-posts":"","theme-transparent-header-meta":"default","adv-header-id-meta":"","stick-header-meta":"","header-above-stick-meta":"","header-main-stick-meta":"","header-below-stick-meta":"","astra-migrate-meta-layouts":"set","ast-page-background-enabled":"default","ast-page-background-meta":{"desktop":{"background-color":"","background-image":"","background-repeat":"repeat","background-position":"center center","background-size":"auto","background-attachment":"scroll","background-type":"","background-media":"","overlay-type":"","overlay-color":"","overlay-opacity":"","overlay-gradient":""},"tablet":{"background-color":"","background-image":"","background-repeat":"repeat","background-position":"center center","background-size":"auto","background-attachment":"scroll","background-type":"","background-media":"","overlay-type":"","overlay-color":"","overlay-opacity":"","overlay-gradient":""},"mobile":{"background-color":"","background-image":"","background-repeat":"repeat","background-position":"center center","background-size":"auto","background-attachment":"scroll","background-type":"","background-media":"","overlay-type":"","overlay-color":"","overlay-opacity":"","overlay-gradient":""}},"ast-content-background-meta":{"desktop":{"background-color":"var(--ast-global-color-5)","background-image":"","background-repeat":"repeat","background-position":"center center","background-size":"auto","background-attachment":"scroll","background-type":"","background-media":"","overlay-type":"","overlay-color":"","overlay-opacity":"","overlay-gradient":""},"tablet":{"background-color":"var(--ast-global-color-5)","background-image":"","background-repeat":"repeat","background-position":"center center","background-size":"auto","background-attachment":"scroll","background-type":"","background-media":"","overlay-type":"","overlay-color":"","overlay-opacity":"","overlay-gradient":""},"mobile":{"background-color":"var(--ast-global-color-5)","background-image":"","background-repeat":"repeat","background-position":"center center","background-size":"auto","background-attachment":"scroll","background-type":"","background-media":"","overlay-type":"","overlay-color":"","overlay-opacity":"","overlay-gradient":""}},"two_page_speed":[],"footnotes":""},"class_list":["post-8470","page","type-page","status-publish","hentry"],"_links":{"self":[{"href":"https:\/\/fensterreinigungprofi.de\/wordpress\/wp-json\/wp\/v2\/pages\/8470","targetHints":{"allow":["GET"]}}],"collection":[{"href":"https:\/\/fensterreinigungprofi.de\/wordpress\/wp-json\/wp\/v2\/pages"}],"about":[{"href":"https:\/\/fensterreinigungprofi.de\/wordpress\/wp-json\/wp\/v2\/types\/page"}],"author":[{"embeddable":true,"href":"https:\/\/fensterreinigungprofi.de\/wordpress\/wp-json\/wp\/v2\/users\/1"}],"replies":[{"embeddable":true,"href":"https:\/\/fensterreinigungprofi.de\/wordpress\/wp-json\/wp\/v2\/comments?post=8470"}],"version-history":[{"count":10,"href":"https:\/\/fensterreinigungprofi.de\/wordpress\/wp-json\/wp\/v2\/pages\/8470\/revisions"}],"predecessor-version":[{"id":8692,"href":"https:\/\/fensterreinigungprofi.de\/wordpress\/wp-json\/wp\/v2\/pages\/8470\/revisions\/8692"}],"wp:attachment":[{"href":"https:\/\/fensterreinigungprofi.de\/wordpress\/wp-json\/wp\/v2\/media?parent=8470"}],"curies":[{"name":"wp","href":"https:\/\/api.w.org\/{rel}","templated":true}]}}